{"id":3201,"date":"2021-11-05T17:15:56","date_gmt":"2021-11-05T17:15:56","guid":{"rendered":"https:\/\/avesymas.com\/?post_type=product&#038;p=3201"},"modified":"2025-02-06T17:46:24","modified_gmt":"2025-02-06T17:46:24","slug":"pernil-mixto-de-pollo","status":"publish","type":"product","link":"https:\/\/avesymas.com\/index.php\/product\/pernil-mixto-de-pollo\/","title":{"rendered":"Pernil mixto de pollo"},"content":{"rendered":"","protected":false},"excerpt":{"rendered":"<div class=\"c-block-9__box info-product\">\n<h2 class=\"o-heading-1--v4 c-block-9__heading\"><span class=\"o-heading-1__text\">Informaci\u00f3n del producto:<\/span><\/h2>\n<ul>\n<li>Parte del pollo f\u00e1cil de utilizar, gracias a su forma de preparaci\u00f3n que es pr\u00e1ctica.<\/li>\n<\/ul>\n<p><em>Presa ideal para preparaci\u00f3n de tamales, ayacos y envueltos, para guisados o porciones de comidas.<\/em><\/p>\n<\/div>\n<div class=\"c-block-9__box\">\n<h2 class=\"o-heading-1--v4 c-block-9__heading\"><span class=\"o-heading-1__text\">Producto disponible en:<\/span><\/h2>\n<ul>\n<li class=\"icon-arrow-right2\">\u00a0Granel (Unidad) valor de venta por 1 kilo.<\/li>\n<\/ul>\n<\/div>\n","protected":false},"featured_media":3202,"comment_status":"open","ping_status":"closed","template":"","meta":{"om_disable_all_campaigns":false},"product_cat":[35],"product_tag":[],"_links":{"self":[{"href":"https:\/\/avesymas.com\/index.php\/wp-json\/wp\/v2\/product\/3201"}],"collection":[{"href":"https:\/\/avesymas.com\/index.php\/wp-json\/wp\/v2\/product"}],"about":[{"href":"https:\/\/avesymas.com\/index.php\/wp-json\/wp\/v2\/types\/product"}],"replies":[{"embeddable":true,"href":"https:\/\/avesymas.com\/index.php\/wp-json\/wp\/v2\/comments?post=3201"}],"version-history":[{"count":3,"href":"https:\/\/avesymas.com\/index.php\/wp-json\/wp\/v2\/product\/3201\/revisions"}],"predecessor-version":[{"id":3329,"href":"https:\/\/avesymas.com\/index.php\/wp-json\/wp\/v2\/product\/3201\/revisions\/3329"}],"wp:featuredmedia":[{"embeddable":true,"href":"https:\/\/avesymas.com\/index.php\/wp-json\/wp\/v2\/media\/3202"}],"wp:attachment":[{"href":"https:\/\/avesymas.com\/index.php\/wp-json\/wp\/v2\/media?parent=3201"}],"wp:term":[{"taxonomy":"product_cat","embeddable":true,"href":"https:\/\/avesymas.com\/index.php\/wp-json\/wp\/v2\/product_cat?post=3201"},{"taxonomy":"product_tag","embeddable":true,"href":"https:\/\/avesymas.com\/index.php\/wp-json\/wp\/v2\/product_tag?post=3201"}],"curies":[{"name":"wp","href":"https:\/\/api.w.org\/{rel}","templated":true}]}}